{"id":223,"date":"2022-08-26T19:52:20","date_gmt":"2022-08-26T22:52:20","guid":{"rendered":"http:\/\/gastrocenterminas.com.br\/?page_id=223"},"modified":"2024-03-06T17:22:32","modified_gmt":"2024-03-06T20:22:32","slug":"corpo-clinico","status":"publish","type":"page","link":"https:\/\/gastrocenterminas.com.br\/?page_id=223","title":{"rendered":"Corpo cl\u00ednico"},"content":{"rendered":"\t\t<div data-elementor-type=\"wp-page\" data-elementor-id=\"223\" class=\"elementor elementor-223\">\n\t\t\t\t\t\t\t\t\t<section class=\"elementor-section elementor-top-section elementor-element elementor-element-7101a10 elementor-section-full_width elementor-section-stretched elementor-section-height-default elementor-section-height-default wpr-particle-no wpr-jarallax-no wpr-parallax-no wpr-sticky-section-no elementor-invisible\" data-id=\"7101a10\" data-element_type=\"section\" data-settings=\"{&quot;stretch_section&quot;:&quot;section-stretched&quot;,&quot;animation&quot;:&quot;fadeIn&quot;}\">\n\t\t\t\t\t\t<div class=\"elementor-container elementor-column-gap-default\">\n\t\t\t\t\t<div class=\"elementor-column elementor-col-100 elementor-top-column elementor-element elementor-element-c28543a\" data-id=\"c28543a\" data-element_type=\"column\">\n\t\t\t<div class=\"elementor-widget-wrap elementor-element-populated\">\n\t\t\t\t\t\t\t\t<div class=\"elementor-element elementor-element-fe59329 elementor-widget__width-inherit elementor-widget elementor-widget-image\" data-id=\"fe59329\" data-element_type=\"widget\" data-widget_type=\"image.default\">\n\t\t\t\t<div class=\"elementor-widget-container\">\n\t\t\t<style>\/*! elementor - v3.16.0 - 17-10-2023 *\/\n.elementor-widget-image{text-align:center}.elementor-widget-image a{display:inline-block}.elementor-widget-image a img[src$=\".svg\"]{width:48px}.elementor-widget-image img{vertical-align:middle;display:inline-block}<\/style>\t\t\t\t\t\t\t\t\t\t\t\t<img loading=\"lazy\" decoding=\"async\" width=\"1920\" height=\"395\" src=\"https:\/\/gastrocenterminas.com.br\/wp-content\/uploads\/2022\/08\/banner-corpo-clinico.png\" class=\"attachment-full size-full wp-image-230\" alt=\"\" srcset=\"https:\/\/gastrocenterminas.com.br\/wp-content\/uploads\/2022\/08\/banner-corpo-clinico.png 1920w, https:\/\/gastrocenterminas.com.br\/wp-content\/uploads\/2022\/08\/banner-corpo-clinico-300x62.png 300w, https:\/\/gastrocenterminas.com.br\/wp-content\/uploads\/2022\/08\/banner-corpo-clinico-1024x211.png 1024w, https:\/\/gastrocenterminas.com.br\/wp-content\/uploads\/2022\/08\/banner-corpo-clinico-768x158.png 768w, https:\/\/gastrocenterminas.com.br\/wp-content\/uploads\/2022\/08\/banner-corpo-clinico-1536x316.png 1536w, https:\/\/gastrocenterminas.com.br\/wp-content\/uploads\/2022\/08\/banner-corpo-clinico-720x148.png 720w\" sizes=\"auto, (max-width: 1920px) 100vw, 1920px\" \/>\t\t\t\t\t\t\t\t\t\t\t\t\t\t\t<\/div>\n\t\t\t\t<\/div>\n\t\t\t\t\t<\/div>\n\t\t<\/div>\n\t\t\t\t\t\t\t<\/div>\n\t\t<\/section>\n\t\t\t\t<section class=\"elementor-section elementor-top-section elementor-element elementor-element-33d57f3 elementor-section-stretched elementor-section-boxed elementor-section-height-default elementor-section-height-default wpr-particle-no wpr-jarallax-no wpr-parallax-no wpr-sticky-section-no\" data-id=\"33d57f3\" data-element_type=\"section\" data-settings=\"{&quot;stretch_section&quot;:&quot;section-stretched&quot;}\">\n\t\t\t\t\t\t<div class=\"elementor-container elementor-column-gap-default\">\n\t\t\t\t\t<div class=\"elementor-column elementor-col-100 elementor-top-column elementor-element elementor-element-43baec4\" data-id=\"43baec4\" data-element_type=\"column\">\n\t\t\t<div class=\"elementor-widget-wrap elementor-element-populated\">\n\t\t\t\t\t\t\t\t<div class=\"elementor-element elementor-element-817999e elementor-invisible elementor-widget elementor-widget-heading\" data-id=\"817999e\" data-element_type=\"widget\" data-settings=\"{&quot;_animation&quot;:&quot;fadeInLeft&quot;}\" data-widget_type=\"heading.default\">\n\t\t\t\t<div class=\"elementor-widget-container\">\n\t\t\t<style>\/*! elementor - v3.16.0 - 17-10-2023 *\/\n.elementor-heading-title{padding:0;margin:0;line-height:1}.elementor-widget-heading .elementor-heading-title[class*=elementor-size-]>a{color:inherit;font-size:inherit;line-height:inherit}.elementor-widget-heading .elementor-heading-title.elementor-size-small{font-size:15px}.elementor-widget-heading .elementor-heading-title.elementor-size-medium{font-size:19px}.elementor-widget-heading .elementor-heading-title.elementor-size-large{font-size:29px}.elementor-widget-heading .elementor-heading-title.elementor-size-xl{font-size:39px}.elementor-widget-heading .elementor-heading-title.elementor-size-xxl{font-size:59px}<\/style><h2 class=\"elementor-heading-title elementor-size-default\">CORPO CL\u00cdNICO<\/h2>\t\t<\/div>\n\t\t\t\t<\/div>\n\t\t\t\t\t<\/div>\n\t\t<\/div>\n\t\t\t\t\t\t\t<\/div>\n\t\t<\/section>\n\t\t\t\t<section class=\"elementor-section elementor-top-section elementor-element elementor-element-6f6dc1b elementor-section-stretched elementor-section-boxed elementor-section-height-default elementor-section-height-default wpr-particle-no wpr-jarallax-no wpr-parallax-no wpr-sticky-section-no\" data-id=\"6f6dc1b\" data-element_type=\"section\" data-settings=\"{&quot;stretch_section&quot;:&quot;section-stretched&quot;}\">\n\t\t\t\t\t\t<div class=\"elementor-container elementor-column-gap-default\">\n\t\t\t\t\t<div class=\"elementor-column elementor-col-100 elementor-top-column elementor-element elementor-element-857711b\" data-id=\"857711b\" data-element_type=\"column\">\n\t\t\t<div class=\"elementor-widget-wrap elementor-element-populated\">\n\t\t\t\t\t\t\t\t<div class=\"elementor-element elementor-element-4005b15 elementor-invisible elementor-widget elementor-widget-text-editor\" data-id=\"4005b15\" data-element_type=\"widget\" data-settings=\"{&quot;_animation&quot;:&quot;fadeInLeft&quot;}\" data-widget_type=\"text-editor.default\">\n\t\t\t\t<div class=\"elementor-widget-container\">\n\t\t\t<style>\/*! elementor - v3.16.0 - 17-10-2023 *\/\n.elementor-widget-text-editor.elementor-drop-cap-view-stacked .elementor-drop-cap{background-color:#69727d;color:#fff}.elementor-widget-text-editor.elementor-drop-cap-view-framed .elementor-drop-cap{color:#69727d;border:3px solid;background-color:transparent}.elementor-widget-text-editor:not(.elementor-drop-cap-view-default) .elementor-drop-cap{margin-top:8px}.elementor-widget-text-editor:not(.elementor-drop-cap-view-default) .elementor-drop-cap-letter{width:1em;height:1em}.elementor-widget-text-editor .elementor-drop-cap{float:left;text-align:center;line-height:1;font-size:50px}.elementor-widget-text-editor .elementor-drop-cap-letter{display:inline-block}<\/style>\t\t\t\t<p>Conhe\u00e7a o time de profissionais qualificados da <strong>Gastro Center.<\/strong> Estamos prontos para te atender!<\/p>\t\t\t\t\t\t<\/div>\n\t\t\t\t<\/div>\n\t\t\t\t\t<\/div>\n\t\t<\/div>\n\t\t\t\t\t\t\t<\/div>\n\t\t<\/section>\n\t\t\t\t<section class=\"elementor-section elementor-top-section elementor-element elementor-element-8506900 elementor-section-stretched elementor-section-boxed elementor-section-height-default elementor-section-height-default wpr-particle-no wpr-jarallax-no wpr-parallax-no wpr-sticky-section-no elementor-invisible\" data-id=\"8506900\" data-element_type=\"section\" data-settings=\"{&quot;stretch_section&quot;:&quot;section-stretched&quot;,&quot;background_background&quot;:&quot;classic&quot;,&quot;animation&quot;:&quot;fadeInLeft&quot;}\">\n\t\t\t\t\t\t<div class=\"elementor-container elementor-column-gap-default\">\n\t\t\t\t\t<div class=\"elementor-column elementor-col-50 elementor-top-column elementor-element elementor-element-3c9553c\" data-id=\"3c9553c\" data-element_type=\"column\">\n\t\t\t<div class=\"elementor-widget-wrap elementor-element-populated\">\n\t\t\t\t\t\t\t\t<div class=\"elementor-element elementor-element-f7d0389 elementor-widget elementor-widget-image\" data-id=\"f7d0389\" data-element_type=\"widget\" data-widget_type=\"image.default\">\n\t\t\t\t<div class=\"elementor-widget-container\">\n\t\t\t\t\t\t\t\t\t\t\t\t\t\t\t<img loading=\"lazy\" decoding=\"async\" width=\"300\" height=\"300\" src=\"https:\/\/gastrocenterminas.com.br\/wp-content\/uploads\/2022\/09\/Foto-Dra-Bruna-Gastrocenter-300x300.png\" class=\"elementor-animation-grow attachment-medium size-medium wp-image-594\" alt=\"\" srcset=\"https:\/\/gastrocenterminas.com.br\/wp-content\/uploads\/2022\/09\/Foto-Dra-Bruna-Gastrocenter-300x300.png 300w, https:\/\/gastrocenterminas.com.br\/wp-content\/uploads\/2022\/09\/Foto-Dra-Bruna-Gastrocenter-150x150.png 150w, https:\/\/gastrocenterminas.com.br\/wp-content\/uploads\/2022\/09\/Foto-Dra-Bruna-Gastrocenter-360x360.png 360w, https:\/\/gastrocenterminas.com.br\/wp-content\/uploads\/2022\/09\/Foto-Dra-Bruna-Gastrocenter.png 600w\" sizes=\"auto, (max-width: 300px) 100vw, 300px\" \/>\t\t\t\t\t\t\t\t\t\t\t\t\t\t\t<\/div>\n\t\t\t\t<\/div>\n\t\t\t\t\t<\/div>\n\t\t<\/div>\n\t\t\t\t<div class=\"elementor-column elementor-col-50 elementor-top-column elementor-element elementor-element-396e71e\" data-id=\"396e71e\" data-element_type=\"column\">\n\t\t\t<div class=\"elementor-widget-wrap elementor-element-populated\">\n\t\t\t\t\t\t\t\t<div class=\"elementor-element elementor-element-af47b2c elementor-widget elementor-widget-heading\" data-id=\"af47b2c\" data-element_type=\"widget\" data-widget_type=\"heading.default\">\n\t\t\t\t<div class=\"elementor-widget-container\">\n\t\t\t<h2 class=\"elementor-heading-title elementor-size-default\">Dra. Bruna Luz<\/h2>\t\t<\/div>\n\t\t\t\t<\/div>\n\t\t\t\t<div class=\"elementor-element elementor-element-42569ba elementor-widget elementor-widget-text-editor\" data-id=\"42569ba\" data-element_type=\"widget\" data-widget_type=\"text-editor.default\">\n\t\t\t\t<div class=\"elementor-widget-container\">\n\t\t\t\t\t\t\t<p>CRM 57787 |\u00a0Cirurgi\u00e3 geral: RQE 51010 |\u00a0Endoscopista: RQE 51011<\/p>\t\t\t\t\t\t<\/div>\n\t\t\t\t<\/div>\n\t\t\t\t<div class=\"elementor-element elementor-element-65fd3f1 elementor-widget elementor-widget-text-editor\" data-id=\"65fd3f1\" data-element_type=\"widget\" data-widget_type=\"text-editor.default\">\n\t\t\t\t<div class=\"elementor-widget-container\">\n\t\t\t\t\t\t\t<p>-Graduada em medicina pela Faculdade de Ci\u00eancias de Pouso Alegre-MG (2012)<br \/>-Resid\u00eancia de Cirurgia Geral pelo Hospital Municipal Dr Ermelino Matarazzo (2014)<br \/>-Especializa\u00e7\u00e3o AMB\/SOBED em Endoscopia Digestiva pelo Hospital Alem\u00e3o Oswaldo Cruz-SP (2016)<br \/>-Membro titular da Sociedade Brasileira de Endoscopia Digestiva \u2013 SOBED (2017)<br \/>-Fellowship em vias biliares: Ecoendoscopia e CPRE pela Pentax Center Trainer IECED-Equador (2021)<\/p>\t\t\t\t\t\t<\/div>\n\t\t\t\t<\/div>\n\t\t\t\t\t<\/div>\n\t\t<\/div>\n\t\t\t\t\t\t\t<\/div>\n\t\t<\/section>\n\t\t\t\t\t\t\t<\/div>\n\t\t","protected":false},"excerpt":{"rendered":"<p>CORPO CL\u00cdNICO Conhe\u00e7a o time de profissionais qualificados da Gastro Center. Estamos prontos para te atender! Dra. Bruna Luz CRM 57787 |\u00a0Cirurgi\u00e3 geral: RQE 51010 |\u00a0Endoscopista: RQE 51011 -Graduada em medicina pela Faculdade de Ci\u00eancias de Pouso Alegre-MG (2012)-Resid\u00eancia de Cirurgia Geral pelo Hospital Municipal Dr Ermelino Matarazzo (2014)-Especializa\u00e7\u00e3o AMB\/SOBED em Endoscopia Digestiva pelo Hospital [&hellip;]<\/p>\n","protected":false},"author":1,"featured_media":0,"parent":0,"menu_order":0,"comment_status":"closed","ping_status":"closed","template":"elementor_header_footer","meta":{"hide_page_title":"","footnotes":""},"class_list":["post-223","page","type-page","status-publish","hentry"],"_links":{"self":[{"href":"https:\/\/gastrocenterminas.com.br\/index.php?rest_route=\/wp\/v2\/pages\/223","targetHints":{"allow":["GET"]}}],"collection":[{"href":"https:\/\/gastrocenterminas.com.br\/index.php?rest_route=\/wp\/v2\/pages"}],"about":[{"href":"https:\/\/gastrocenterminas.com.br\/index.php?rest_route=\/wp\/v2\/types\/page"}],"author":[{"embeddable":true,"href":"https:\/\/gastrocenterminas.com.br\/index.php?rest_route=\/wp\/v2\/users\/1"}],"replies":[{"embeddable":true,"href":"https:\/\/gastrocenterminas.com.br\/index.php?rest_route=%2Fwp%2Fv2%2Fcomments&post=223"}],"version-history":[{"count":84,"href":"https:\/\/gastrocenterminas.com.br\/index.php?rest_route=\/wp\/v2\/pages\/223\/revisions"}],"predecessor-version":[{"id":702,"href":"https:\/\/gastrocenterminas.com.br\/index.php?rest_route=\/wp\/v2\/pages\/223\/revisions\/702"}],"wp:attachment":[{"href":"https:\/\/gastrocenterminas.com.br\/index.php?rest_route=%2Fwp%2Fv2%2Fmedia&parent=223"}],"curies":[{"name":"wp","href":"https:\/\/api.w.org\/{rel}","templated":true}]}}